{"id":1025,"date":"2020-10-27T10:25:09","date_gmt":"2020-10-27T10:25:09","guid":{"rendered":"https:\/\/www.andreeagross.com\/?page_id=1025"},"modified":"2020-10-27T10:25:15","modified_gmt":"2020-10-27T10:25:15","slug":"proyectos","status":"publish","type":"page","link":"https:\/\/www.andreeagross.com\/es\/servicios\/proyectos\/","title":{"rendered":"Proyectos"},"content":{"rendered":"<h1>Proyectos<\/h1>\n<h2>Obra nueva<\/h2>\n<p>En las construcciones de obra nueva se intenta conjugar el bienestar y la salud de los usuarios con una buena gesti\u00f3n de recursos. La eficiencia energ\u00e9tica es un aporte importante al confort y a la calidad.<\/p>\n<h2>Rehabilitaci\u00f3n<\/h2>\n<p>El valor real de un edificio antiguo dif\u00edcilmente se puede apreciar con las herramientas de tasaci\u00f3n al uso y en general la reacci\u00f3n, ante un edificio del patrimonio heredado, es m\u00e1s bien negativa: demasiado bajo, demasiado estrecho, demasiado caro de mantener. Sin embargo, son estos edificios los que gestan el car\u00e1cter \u00fanico de nuestras ciudades, calles y comunidades. Los efectos negativos de este desprecio lo vivimos a diario: las urbanizaciones en la periferia provocan la gentrificaci\u00f3n de los centros hist\u00f3ricos que se convierten en parques tem\u00e1ticos para el turismo, edificios de valor patrimonial decaen o sucumben ante la presi\u00f3n del mercado etc. En general, el entorno urbano se vuelve impersonal y hostil.<br \/>\nSi, los edificios antiguos exigen de nosotros m\u00e1s creatividad, m\u00e1s capacidad de an\u00e1lisis, m\u00e1s cuidado y mantenimiento. Al mismo tiempo sin embargo, regalan gratificaci\u00f3n cuando, a trav\u00e9s de la rehabilitaci\u00f3n, aportamos un granito de arena a la gesti\u00f3n responsable de nuestro entorno y de los recursos disponibles.<\/p>\n<h2>Reforma, Modernizaci\u00f3n y Ampliaci\u00f3n<\/h2>\n<p>Se intentan soluciones que combinen a nivel funcional, emocional y de dise\u00f1o, circunstancias vitales nuevas, sue\u00f1os y maneras de vivir distintos con estructuras dadas.<br \/>\nReconocer detalles y valores existentes e integrarlos de manera creativa y respetuosa es una de mis tareas, durante este camino.<\/p>\n","protected":false},"excerpt":{"rendered":"<p>Proyectos Obra nueva En las construcciones de obra nueva se intenta conjugar el bienestar y la salud de los usuarios [&hellip;]<\/p>\n","protected":false},"author":2,"featured_media":0,"parent":1012,"menu_order":0,"comment_status":"closed","ping_status":"closed","template":"","meta":{"_uag_custom_page_level_css":"","site-sidebar-layout":"default","site-content-layout":"","ast-site-content-layout":"default","site-content-style":"default","site-sidebar-style":"default","ast-global-header-display":"","ast-banner-title-visibility":"","ast-main-header-display":"","ast-hfb-above-header-display":"","ast-hfb-below-header-display":"","ast-hfb-mobile-header-display":"","site-post-title":"","ast-breadcrumbs-content":"","ast-featured-img":"","footer-sml-layout":"","ast-disable-related-posts":"","theme-transparent-header-meta":"","adv-header-id-meta":"","stick-header-meta":"","header-above-stick-meta":"","header-main-stick-meta":"","header-below-stick-meta":"","astra-migrate-meta-layouts":"default","ast-page-background-enabled":"default","ast-page-background-meta":{"desktop":{"background-color":"var(--ast-global-color-4)","background-image":"","background-repeat":"repeat","background-position":"center center","background-size":"auto","background-attachment":"scroll","background-type":"","background-media":"","overlay-type":"","overlay-color":"","overlay-opacity":"","overlay-gradient":""},"tablet":{"background-color":"","background-image":"","background-repeat":"repeat","background-position":"center center","background-size":"auto","background-attachment":"scroll","background-type":"","background-media":"","overlay-type":"","overlay-color":"","overlay-opacity":"","overlay-gradient":""},"mobile":{"background-color":"","background-image":"","background-repeat":"repeat","background-position":"center center","background-size":"auto","background-attachment":"scroll","background-type":"","background-media":"","overlay-type":"","overlay-color":"","overlay-opacity":"","overlay-gradient":""}},"ast-content-background-meta":{"desktop":{"background-color":"var(--ast-global-color-5)","background-image":"","background-repeat":"repeat","background-position":"center center","background-size":"auto","background-attachment":"scroll","background-type":"","background-media":"","overlay-type":"","overlay-color":"","overlay-opacity":"","overlay-gradient":""},"tablet":{"background-color":"var(--ast-global-color-5)","background-image":"","background-repeat":"repeat","background-position":"center center","background-size":"auto","background-attachment":"scroll","background-type":"","background-media":"","overlay-type":"","overlay-color":"","overlay-opacity":"","overlay-gradient":""},"mobile":{"background-color":"var(--ast-global-color-5)","background-image":"","background-repeat":"repeat","background-position":"center center","background-size":"auto","background-attachment":"scroll","background-type":"","background-media":"","overlay-type":"","overlay-color":"","overlay-opacity":"","overlay-gradient":""}},"footnotes":""},"class_list":["post-1025","page","type-page","status-publish","hentry"],"yoast_head":"<!-- This site is optimized with the Yoast SEO plugin v27.3 - https:\/\/yoast.com\/product\/yoast-seo-wordpress\/ -->\n<title>Proyectos - ANDREEA GROSS . ESTUDIO DE ARQUITECTURA<\/title>\n<meta name=\"robots\" content=\"index, follow, max-snippet:-1, max-image-preview:large, max-video-preview:-1\" \/>\n<link rel=\"canonical\" href=\"https:\/\/www.andreeagross.com\/es\/servicios\/proyectos\/\" \/>\n<meta property=\"og:locale\" content=\"es_ES\" \/>\n<meta property=\"og:type\" content=\"article\" \/>\n<meta property=\"og:title\" content=\"Proyectos - ANDREEA GROSS . ESTUDIO DE ARQUITECTURA\" \/>\n<meta property=\"og:description\" content=\"Proyectos Obra nueva En las construcciones de obra nueva se intenta conjugar el bienestar y la salud de los usuarios [&hellip;]\" \/>\n<meta property=\"og:url\" content=\"https:\/\/www.andreeagross.com\/es\/servicios\/proyectos\/\" \/>\n<meta property=\"og:site_name\" content=\"ANDREEA GROSS . ESTUDIO DE ARQUITECTURA\" \/>\n<meta property=\"article:modified_time\" content=\"2020-10-27T10:25:15+00:00\" \/>\n<meta name=\"twitter:card\" content=\"summary_large_image\" \/>\n<meta name=\"twitter:label1\" content=\"Tiempo de lectura\" \/>\n\t<meta name=\"twitter:data1\" content=\"1 minuto\" \/>\n<script type=\"application\/ld+json\" class=\"yoast-schema-graph\">{\"@context\":\"https:\\\/\\\/schema.org\",\"@graph\":[{\"@type\":\"WebPage\",\"@id\":\"https:\\\/\\\/www.andreeagross.com\\\/es\\\/servicios\\\/proyectos\\\/\",\"url\":\"https:\\\/\\\/www.andreeagross.com\\\/es\\\/servicios\\\/proyectos\\\/\",\"name\":\"Proyectos - ANDREEA GROSS . ESTUDIO DE ARQUITECTURA\",\"isPartOf\":{\"@id\":\"https:\\\/\\\/www.andreeagross.com\\\/es\\\/#website\"},\"datePublished\":\"2020-10-27T10:25:09+00:00\",\"dateModified\":\"2020-10-27T10:25:15+00:00\",\"breadcrumb\":{\"@id\":\"https:\\\/\\\/www.andreeagross.com\\\/es\\\/servicios\\\/proyectos\\\/#breadcrumb\"},\"inLanguage\":\"es\",\"potentialAction\":[{\"@type\":\"ReadAction\",\"target\":[\"https:\\\/\\\/www.andreeagross.com\\\/es\\\/servicios\\\/proyectos\\\/\"]}]},{\"@type\":\"BreadcrumbList\",\"@id\":\"https:\\\/\\\/www.andreeagross.com\\\/es\\\/servicios\\\/proyectos\\\/#breadcrumb\",\"itemListElement\":[{\"@type\":\"ListItem\",\"position\":1,\"name\":\"Home\",\"item\":\"https:\\\/\\\/www.andreeagross.com\\\/es\\\/\"},{\"@type\":\"ListItem\",\"position\":2,\"name\":\"Servicios\",\"item\":\"https:\\\/\\\/www.andreeagross.com\\\/es\\\/servicios\\\/\"},{\"@type\":\"ListItem\",\"position\":3,\"name\":\"Proyectos\"}]},{\"@type\":\"WebSite\",\"@id\":\"https:\\\/\\\/www.andreeagross.com\\\/es\\\/#website\",\"url\":\"https:\\\/\\\/www.andreeagross.com\\\/es\\\/\",\"name\":\"ANDREEA GROSS . ESTUDIO DE ARQUITECTURA\",\"description\":\"home\",\"publisher\":{\"@id\":\"https:\\\/\\\/www.andreeagross.com\\\/es\\\/#organization\"},\"potentialAction\":[{\"@type\":\"SearchAction\",\"target\":{\"@type\":\"EntryPoint\",\"urlTemplate\":\"https:\\\/\\\/www.andreeagross.com\\\/es\\\/?s={search_term_string}\"},\"query-input\":{\"@type\":\"PropertyValueSpecification\",\"valueRequired\":true,\"valueName\":\"search_term_string\"}}],\"inLanguage\":\"es\"},{\"@type\":\"Organization\",\"@id\":\"https:\\\/\\\/www.andreeagross.com\\\/es\\\/#organization\",\"name\":\"ANDREEA GROSS . ESTUDIO DE ARQUITECTURA\",\"url\":\"https:\\\/\\\/www.andreeagross.com\\\/es\\\/\",\"logo\":{\"@type\":\"ImageObject\",\"inLanguage\":\"es\",\"@id\":\"https:\\\/\\\/www.andreeagross.com\\\/es\\\/#\\\/schema\\\/logo\\\/image\\\/\",\"url\":\"https:\\\/\\\/www.andreeagross.com\\\/wp-content\\\/uploads\\\/LOGO-small.jpg\",\"contentUrl\":\"https:\\\/\\\/www.andreeagross.com\\\/wp-content\\\/uploads\\\/LOGO-small.jpg\",\"width\":200,\"height\":108,\"caption\":\"ANDREEA GROSS . ESTUDIO DE ARQUITECTURA\"},\"image\":{\"@id\":\"https:\\\/\\\/www.andreeagross.com\\\/es\\\/#\\\/schema\\\/logo\\\/image\\\/\"}}]}<\/script>\n<!-- \/ Yoast SEO plugin. -->","yoast_head_json":{"title":"Proyectos - ANDREEA GROSS . ESTUDIO DE ARQUITECTURA","robots":{"index":"index","follow":"follow","max-snippet":"max-snippet:-1","max-image-preview":"max-image-preview:large","max-video-preview":"max-video-preview:-1"},"canonical":"https:\/\/www.andreeagross.com\/es\/servicios\/proyectos\/","og_locale":"es_ES","og_type":"article","og_title":"Proyectos - ANDREEA GROSS . ESTUDIO DE ARQUITECTURA","og_description":"Proyectos Obra nueva En las construcciones de obra nueva se intenta conjugar el bienestar y la salud de los usuarios [&hellip;]","og_url":"https:\/\/www.andreeagross.com\/es\/servicios\/proyectos\/","og_site_name":"ANDREEA GROSS . ESTUDIO DE ARQUITECTURA","article_modified_time":"2020-10-27T10:25:15+00:00","twitter_card":"summary_large_image","twitter_misc":{"Tiempo de lectura":"1 minuto"},"schema":{"@context":"https:\/\/schema.org","@graph":[{"@type":"WebPage","@id":"https:\/\/www.andreeagross.com\/es\/servicios\/proyectos\/","url":"https:\/\/www.andreeagross.com\/es\/servicios\/proyectos\/","name":"Proyectos - ANDREEA GROSS . ESTUDIO DE ARQUITECTURA","isPartOf":{"@id":"https:\/\/www.andreeagross.com\/es\/#website"},"datePublished":"2020-10-27T10:25:09+00:00","dateModified":"2020-10-27T10:25:15+00:00","breadcrumb":{"@id":"https:\/\/www.andreeagross.com\/es\/servicios\/proyectos\/#breadcrumb"},"inLanguage":"es","potentialAction":[{"@type":"ReadAction","target":["https:\/\/www.andreeagross.com\/es\/servicios\/proyectos\/"]}]},{"@type":"BreadcrumbList","@id":"https:\/\/www.andreeagross.com\/es\/servicios\/proyectos\/#breadcrumb","itemListElement":[{"@type":"ListItem","position":1,"name":"Home","item":"https:\/\/www.andreeagross.com\/es\/"},{"@type":"ListItem","position":2,"name":"Servicios","item":"https:\/\/www.andreeagross.com\/es\/servicios\/"},{"@type":"ListItem","position":3,"name":"Proyectos"}]},{"@type":"WebSite","@id":"https:\/\/www.andreeagross.com\/es\/#website","url":"https:\/\/www.andreeagross.com\/es\/","name":"ANDREEA GROSS . ESTUDIO DE ARQUITECTURA","description":"home","publisher":{"@id":"https:\/\/www.andreeagross.com\/es\/#organization"},"potentialAction":[{"@type":"SearchAction","target":{"@type":"EntryPoint","urlTemplate":"https:\/\/www.andreeagross.com\/es\/?s={search_term_string}"},"query-input":{"@type":"PropertyValueSpecification","valueRequired":true,"valueName":"search_term_string"}}],"inLanguage":"es"},{"@type":"Organization","@id":"https:\/\/www.andreeagross.com\/es\/#organization","name":"ANDREEA GROSS . ESTUDIO DE ARQUITECTURA","url":"https:\/\/www.andreeagross.com\/es\/","logo":{"@type":"ImageObject","inLanguage":"es","@id":"https:\/\/www.andreeagross.com\/es\/#\/schema\/logo\/image\/","url":"https:\/\/www.andreeagross.com\/wp-content\/uploads\/LOGO-small.jpg","contentUrl":"https:\/\/www.andreeagross.com\/wp-content\/uploads\/LOGO-small.jpg","width":200,"height":108,"caption":"ANDREEA GROSS . ESTUDIO DE ARQUITECTURA"},"image":{"@id":"https:\/\/www.andreeagross.com\/es\/#\/schema\/logo\/image\/"}}]}},"spectra_custom_meta":{"_edit_lock":["1603794316:2"],"_edit_last":["2"],"_wp_page_template":[""],"_wpml_media_duplicate":["1"],"_wpml_media_featured":["1"],"_last_translation_edit_mode":["native-editor"],"_yoast_wpseo_content_score":["30"],"_uag_page_assets":["a:9:{s:3:\"css\";s:0:\"\";s:2:\"js\";s:0:\"\";s:18:\"current_block_list\";a:0:{}s:8:\"uag_flag\";b:0;s:11:\"uag_version\";s:10:\"1775453174\";s:6:\"gfonts\";a:0:{}s:10:\"gfonts_url\";s:0:\"\";s:12:\"gfonts_files\";a:0:{}s:14:\"uag_faq_layout\";b:0;}"]},"uagb_featured_image_src":{"full":false,"thumbnail":false,"medium":false,"medium_large":false,"large":false,"1536x1536":false,"2048x2048":false},"uagb_author_info":{"display_name":"itlapalma","author_link":"https:\/\/www.andreeagross.com\/es\/author\/itlapalma\/"},"uagb_comment_info":0,"uagb_excerpt":"Proyectos Obra nueva En las construcciones de obra nueva se intenta conjugar el bienestar y la salud de los usuarios [&hellip;]","_links":{"self":[{"href":"https:\/\/www.andreeagross.com\/es\/wp-json\/wp\/v2\/pages\/1025","targetHints":{"allow":["GET"]}}],"collection":[{"href":"https:\/\/www.andreeagross.com\/es\/wp-json\/wp\/v2\/pages"}],"about":[{"href":"https:\/\/www.andreeagross.com\/es\/wp-json\/wp\/v2\/types\/page"}],"author":[{"embeddable":true,"href":"https:\/\/www.andreeagross.com\/es\/wp-json\/wp\/v2\/users\/2"}],"replies":[{"embeddable":true,"href":"https:\/\/www.andreeagross.com\/es\/wp-json\/wp\/v2\/comments?post=1025"}],"version-history":[{"count":0,"href":"https:\/\/www.andreeagross.com\/es\/wp-json\/wp\/v2\/pages\/1025\/revisions"}],"up":[{"embeddable":true,"href":"https:\/\/www.andreeagross.com\/es\/wp-json\/wp\/v2\/pages\/1012"}],"wp:attachment":[{"href":"https:\/\/www.andreeagross.com\/es\/wp-json\/wp\/v2\/media?parent=1025"}],"curies":[{"name":"wp","href":"https:\/\/api.w.org\/{rel}","templated":true}]}}