{"id":1015,"date":"2020-06-23T11:55:02","date_gmt":"2020-06-23T11:55:02","guid":{"rendered":"https:\/\/www.andreeagross.com\/servicios\/baubiologie\/"},"modified":"2020-10-27T10:19:29","modified_gmt":"2020-10-27T10:19:29","slug":"baubiologie","status":"publish","type":"page","link":"https:\/\/www.andreeagross.com\/es\/servicios\/baubiologie\/","title":{"rendered":"Baubiologie"},"content":{"rendered":"<h1>Baubiologie \/ Bio-construcci\u00f3n<\/h1>\n<p>La Baubiologie o biolog\u00eda de la construcci\u00f3n, estudia las relaciones heur\u00edsticas del ser humano con su entorno edificado, residencial o laboral.<br \/>\nSe han establecido criterios que ayudan a la configuraci\u00f3n de un entorno saludable, sostenible y hermoso. La consideraci\u00f3n de aspectos ecol\u00f3gicos, econ\u00f3micos y sociales en la elecci\u00f3n de materiales y dise\u00f1o se define mediante las 25 pautas de la Baubiologie:<\/p>\n<h3>Clima Interior:<\/h3>\n<p>Reducir las sustancias contaminantes e irritantes; aportar suficiente aire fresco.<br \/>\nReducir la presencia de hongos, levaduras y bacterias, as\u00ed como de polvo y otros al\u00e9rgenos<br \/>\nUtilizar materiales de olor neutro o agradable<br \/>\nPriorizar el calor radiante para la calefacci\u00f3n<\/p>\n<h3>Materiales de construcci\u00f3n y equipamientos:<\/h3>\n<p>Utilizar materiales naturales, no t\u00f3xicos y con la menor radiactividad posible<br \/>\nGarantizar una proporci\u00f3n equilibrada entre el aislamiento t\u00e9rmico y la acumulaci\u00f3n de calor, as\u00ed como entre la temperatura superficial de la envolvente y el aire interior<br \/>\nUtilizar materiales higrosc\u00f3picos<br \/>\nMinimizar el contenido de humedad de obra nueva<br \/>\nOptimizar el acondicionamiento y aislamiento ac\u00fastico de los espacios<\/p>\n<h3>Dise\u00f1o interior y arquitect\u00f3nico:<\/h3>\n<p>Observar las proporciones y formas armoniosas<br \/>\nEstimular las percepciones sensoriales: vista, olfato, o\u00edd y tacto<br \/>\nFavorecer unas condiciones de iluminaci\u00f3n y espectro cercanos a la luz natural<br \/>\nConsiderar conocimientos de fisiolog\u00eda y ergonom\u00eda<br \/>\nPromocionar la cultura edificatoria y artesana local y regional<\/p>\n<h3>Medio ambiente, energia y agua:<\/h3>\n<p>Minimizar el consumo de energ\u00eda y usar fuentes renovables<br \/>\nAl construir o rehabilitar, evitar impactos negativos en el medio ambiente<br \/>\nConservar los recursos naturales y proteger la flora y la fauna<br \/>\nFavorecer sistemas de construcci\u00f3n locales, elegir materiales y ciclos de vida con el mejor balance ecol\u00f3gico<br \/>\nAsegurar la mayor calidad posible del agua potable<\/p>\n<h3>Habitat eco-social:<\/h3>\n<p>Dise\u00f1ar infraestructuras combinando de forma equilibrada los usos, favoreciendo las distancias cortas a centro de trabajo, consumo, ocio, transporte p\u00fablico etc.<br \/>\nFavorecer una forma de habitar que satisfaga las necesidades humanas y proteja el medio ambiente<br \/>\nProveer de suficiente espacio verde a \u00e1reas residenciales urbanas<br \/>\nFortalecer la autosuficiencia local y la participaci\u00f3n de redes y proveedores de servicios locales<br \/>\nSeleccionar emplazamientos para la construcci\u00f3n que no est\u00e9n contaminados (residuos, radiaci\u00f3n, poluci\u00f3n, ruido)<\/p>\n<p>No siempre se puede cumplir con todos estos criterios, por lo tanto mi atenci\u00f3n se centra en la optimizaci\u00f3n dentro de un marco de posibilidades individuales.<\/p>\n","protected":false},"excerpt":{"rendered":"<p>Baubiologie \/ Bio-construcci\u00f3n La Baubiologie o biolog\u00eda de la construcci\u00f3n, estudia las relaciones heur\u00edsticas del ser humano con su entorno [&hellip;]<\/p>\n","protected":false},"author":2,"featured_media":0,"parent":1012,"menu_order":0,"comment_status":"closed","ping_status":"closed","template":"","meta":{"_uag_custom_page_level_css":"","site-sidebar-layout":"default","site-content-layout":"","ast-site-content-layout":"default","site-content-style":"default","site-sidebar-style":"default","ast-global-header-display":"","ast-banner-title-visibility":"","ast-main-header-display":"","ast-hfb-above-header-display":"","ast-hfb-below-header-display":"","ast-hfb-mobile-header-display":"","site-post-title":"","ast-breadcrumbs-content":"","ast-featured-img":"","footer-sml-layout":"","ast-disable-related-posts":"","theme-transparent-header-meta":"","adv-header-id-meta":"","stick-header-meta":"","header-above-stick-meta":"","header-main-stick-meta":"","header-below-stick-meta":"","astra-migrate-meta-layouts":"default","ast-page-background-enabled":"default","ast-page-background-meta":{"desktop":{"background-color":"var(--ast-global-color-4)","background-image":"","background-repeat":"repeat","background-position":"center center","background-size":"auto","background-attachment":"scroll","background-type":"","background-media":"","overlay-type":"","overlay-color":"","overlay-opacity":"","overlay-gradient":""},"tablet":{"background-color":"","background-image":"","background-repeat":"repeat","background-position":"center center","background-size":"auto","background-attachment":"scroll","background-type":"","background-media":"","overlay-type":"","overlay-color":"","overlay-opacity":"","overlay-gradient":""},"mobile":{"background-color":"","background-image":"","background-repeat":"repeat","background-position":"center center","background-size":"auto","background-attachment":"scroll","background-type":"","background-media":"","overlay-type":"","overlay-color":"","overlay-opacity":"","overlay-gradient":""}},"ast-content-background-meta":{"desktop":{"background-color":"var(--ast-global-color-5)","background-image":"","background-repeat":"repeat","background-position":"center center","background-size":"auto","background-attachment":"scroll","background-type":"","background-media":"","overlay-type":"","overlay-color":"","overlay-opacity":"","overlay-gradient":""},"tablet":{"background-color":"var(--ast-global-color-5)","background-image":"","background-repeat":"repeat","background-position":"center center","background-size":"auto","background-attachment":"scroll","background-type":"","background-media":"","overlay-type":"","overlay-color":"","overlay-opacity":"","overlay-gradient":""},"mobile":{"background-color":"var(--ast-global-color-5)","background-image":"","background-repeat":"repeat","background-position":"center center","background-size":"auto","background-attachment":"scroll","background-type":"","background-media":"","overlay-type":"","overlay-color":"","overlay-opacity":"","overlay-gradient":""}},"footnotes":""},"class_list":["post-1015","page","type-page","status-publish","hentry"],"yoast_head":"<!-- This site is optimized with the Yoast SEO plugin v27.3 - https:\/\/yoast.com\/product\/yoast-seo-wordpress\/ -->\n<title>Baubiologie - ANDREEA GROSS . ESTUDIO DE ARQUITECTURA<\/title>\n<meta name=\"robots\" content=\"index, follow, max-snippet:-1, max-image-preview:large, max-video-preview:-1\" \/>\n<link rel=\"canonical\" href=\"https:\/\/www.andreeagross.com\/es\/servicios\/baubiologie\/\" \/>\n<meta property=\"og:locale\" content=\"es_ES\" \/>\n<meta property=\"og:type\" content=\"article\" \/>\n<meta property=\"og:title\" content=\"Baubiologie - ANDREEA GROSS . ESTUDIO DE ARQUITECTURA\" \/>\n<meta property=\"og:description\" content=\"Baubiologie \/ Bio-construcci\u00f3n La Baubiologie o biolog\u00eda de la construcci\u00f3n, estudia las relaciones heur\u00edsticas del ser humano con su entorno [&hellip;]\" \/>\n<meta property=\"og:url\" content=\"https:\/\/www.andreeagross.com\/es\/servicios\/baubiologie\/\" \/>\n<meta property=\"og:site_name\" content=\"ANDREEA GROSS . ESTUDIO DE ARQUITECTURA\" \/>\n<meta property=\"article:modified_time\" content=\"2020-10-27T10:19:29+00:00\" \/>\n<meta name=\"twitter:card\" content=\"summary_large_image\" \/>\n<meta name=\"twitter:label1\" content=\"Tiempo de lectura\" \/>\n\t<meta name=\"twitter:data1\" content=\"2 minutos\" \/>\n<script type=\"application\/ld+json\" class=\"yoast-schema-graph\">{\"@context\":\"https:\\\/\\\/schema.org\",\"@graph\":[{\"@type\":\"WebPage\",\"@id\":\"https:\\\/\\\/www.andreeagross.com\\\/es\\\/servicios\\\/baubiologie\\\/\",\"url\":\"https:\\\/\\\/www.andreeagross.com\\\/es\\\/servicios\\\/baubiologie\\\/\",\"name\":\"Baubiologie - ANDREEA GROSS . ESTUDIO DE ARQUITECTURA\",\"isPartOf\":{\"@id\":\"https:\\\/\\\/www.andreeagross.com\\\/es\\\/#website\"},\"datePublished\":\"2020-06-23T11:55:02+00:00\",\"dateModified\":\"2020-10-27T10:19:29+00:00\",\"breadcrumb\":{\"@id\":\"https:\\\/\\\/www.andreeagross.com\\\/es\\\/servicios\\\/baubiologie\\\/#breadcrumb\"},\"inLanguage\":\"es\",\"potentialAction\":[{\"@type\":\"ReadAction\",\"target\":[\"https:\\\/\\\/www.andreeagross.com\\\/es\\\/servicios\\\/baubiologie\\\/\"]}]},{\"@type\":\"BreadcrumbList\",\"@id\":\"https:\\\/\\\/www.andreeagross.com\\\/es\\\/servicios\\\/baubiologie\\\/#breadcrumb\",\"itemListElement\":[{\"@type\":\"ListItem\",\"position\":1,\"name\":\"Home\",\"item\":\"https:\\\/\\\/www.andreeagross.com\\\/es\\\/\"},{\"@type\":\"ListItem\",\"position\":2,\"name\":\"Servicios\",\"item\":\"https:\\\/\\\/www.andreeagross.com\\\/es\\\/servicios\\\/\"},{\"@type\":\"ListItem\",\"position\":3,\"name\":\"Baubiologie\"}]},{\"@type\":\"WebSite\",\"@id\":\"https:\\\/\\\/www.andreeagross.com\\\/es\\\/#website\",\"url\":\"https:\\\/\\\/www.andreeagross.com\\\/es\\\/\",\"name\":\"ANDREEA GROSS . ESTUDIO DE ARQUITECTURA\",\"description\":\"home\",\"publisher\":{\"@id\":\"https:\\\/\\\/www.andreeagross.com\\\/es\\\/#organization\"},\"potentialAction\":[{\"@type\":\"SearchAction\",\"target\":{\"@type\":\"EntryPoint\",\"urlTemplate\":\"https:\\\/\\\/www.andreeagross.com\\\/es\\\/?s={search_term_string}\"},\"query-input\":{\"@type\":\"PropertyValueSpecification\",\"valueRequired\":true,\"valueName\":\"search_term_string\"}}],\"inLanguage\":\"es\"},{\"@type\":\"Organization\",\"@id\":\"https:\\\/\\\/www.andreeagross.com\\\/es\\\/#organization\",\"name\":\"ANDREEA GROSS . ESTUDIO DE ARQUITECTURA\",\"url\":\"https:\\\/\\\/www.andreeagross.com\\\/es\\\/\",\"logo\":{\"@type\":\"ImageObject\",\"inLanguage\":\"es\",\"@id\":\"https:\\\/\\\/www.andreeagross.com\\\/es\\\/#\\\/schema\\\/logo\\\/image\\\/\",\"url\":\"https:\\\/\\\/www.andreeagross.com\\\/wp-content\\\/uploads\\\/LOGO-small.jpg\",\"contentUrl\":\"https:\\\/\\\/www.andreeagross.com\\\/wp-content\\\/uploads\\\/LOGO-small.jpg\",\"width\":200,\"height\":108,\"caption\":\"ANDREEA GROSS . ESTUDIO DE ARQUITECTURA\"},\"image\":{\"@id\":\"https:\\\/\\\/www.andreeagross.com\\\/es\\\/#\\\/schema\\\/logo\\\/image\\\/\"}}]}<\/script>\n<!-- \/ Yoast SEO plugin. -->","yoast_head_json":{"title":"Baubiologie - ANDREEA GROSS . ESTUDIO DE ARQUITECTURA","robots":{"index":"index","follow":"follow","max-snippet":"max-snippet:-1","max-image-preview":"max-image-preview:large","max-video-preview":"max-video-preview:-1"},"canonical":"https:\/\/www.andreeagross.com\/es\/servicios\/baubiologie\/","og_locale":"es_ES","og_type":"article","og_title":"Baubiologie - ANDREEA GROSS . ESTUDIO DE ARQUITECTURA","og_description":"Baubiologie \/ Bio-construcci\u00f3n La Baubiologie o biolog\u00eda de la construcci\u00f3n, estudia las relaciones heur\u00edsticas del ser humano con su entorno [&hellip;]","og_url":"https:\/\/www.andreeagross.com\/es\/servicios\/baubiologie\/","og_site_name":"ANDREEA GROSS . ESTUDIO DE ARQUITECTURA","article_modified_time":"2020-10-27T10:19:29+00:00","twitter_card":"summary_large_image","twitter_misc":{"Tiempo de lectura":"2 minutos"},"schema":{"@context":"https:\/\/schema.org","@graph":[{"@type":"WebPage","@id":"https:\/\/www.andreeagross.com\/es\/servicios\/baubiologie\/","url":"https:\/\/www.andreeagross.com\/es\/servicios\/baubiologie\/","name":"Baubiologie - ANDREEA GROSS . ESTUDIO DE ARQUITECTURA","isPartOf":{"@id":"https:\/\/www.andreeagross.com\/es\/#website"},"datePublished":"2020-06-23T11:55:02+00:00","dateModified":"2020-10-27T10:19:29+00:00","breadcrumb":{"@id":"https:\/\/www.andreeagross.com\/es\/servicios\/baubiologie\/#breadcrumb"},"inLanguage":"es","potentialAction":[{"@type":"ReadAction","target":["https:\/\/www.andreeagross.com\/es\/servicios\/baubiologie\/"]}]},{"@type":"BreadcrumbList","@id":"https:\/\/www.andreeagross.com\/es\/servicios\/baubiologie\/#breadcrumb","itemListElement":[{"@type":"ListItem","position":1,"name":"Home","item":"https:\/\/www.andreeagross.com\/es\/"},{"@type":"ListItem","position":2,"name":"Servicios","item":"https:\/\/www.andreeagross.com\/es\/servicios\/"},{"@type":"ListItem","position":3,"name":"Baubiologie"}]},{"@type":"WebSite","@id":"https:\/\/www.andreeagross.com\/es\/#website","url":"https:\/\/www.andreeagross.com\/es\/","name":"ANDREEA GROSS . ESTUDIO DE ARQUITECTURA","description":"home","publisher":{"@id":"https:\/\/www.andreeagross.com\/es\/#organization"},"potentialAction":[{"@type":"SearchAction","target":{"@type":"EntryPoint","urlTemplate":"https:\/\/www.andreeagross.com\/es\/?s={search_term_string}"},"query-input":{"@type":"PropertyValueSpecification","valueRequired":true,"valueName":"search_term_string"}}],"inLanguage":"es"},{"@type":"Organization","@id":"https:\/\/www.andreeagross.com\/es\/#organization","name":"ANDREEA GROSS . ESTUDIO DE ARQUITECTURA","url":"https:\/\/www.andreeagross.com\/es\/","logo":{"@type":"ImageObject","inLanguage":"es","@id":"https:\/\/www.andreeagross.com\/es\/#\/schema\/logo\/image\/","url":"https:\/\/www.andreeagross.com\/wp-content\/uploads\/LOGO-small.jpg","contentUrl":"https:\/\/www.andreeagross.com\/wp-content\/uploads\/LOGO-small.jpg","width":200,"height":108,"caption":"ANDREEA GROSS . ESTUDIO DE ARQUITECTURA"},"image":{"@id":"https:\/\/www.andreeagross.com\/es\/#\/schema\/logo\/image\/"}}]}},"spectra_custom_meta":{"_wpml_media_duplicate":["1"],"_wpml_media_featured":["1"],"_yoast_wpseo_content_score":["60"],"_edit_lock":["1603793901:2"],"_last_translation_edit_mode":["native-editor"],"_edit_last":["2"],"_wp_page_template":[""],"_uag_page_assets":["a:9:{s:3:\"css\";s:0:\"\";s:2:\"js\";s:0:\"\";s:18:\"current_block_list\";a:0:{}s:8:\"uag_flag\";b:0;s:11:\"uag_version\";s:10:\"1775453174\";s:6:\"gfonts\";a:0:{}s:10:\"gfonts_url\";s:0:\"\";s:12:\"gfonts_files\";a:0:{}s:14:\"uag_faq_layout\";b:0;}"]},"uagb_featured_image_src":{"full":false,"thumbnail":false,"medium":false,"medium_large":false,"large":false,"1536x1536":false,"2048x2048":false},"uagb_author_info":{"display_name":"itlapalma","author_link":"https:\/\/www.andreeagross.com\/es\/author\/itlapalma\/"},"uagb_comment_info":0,"uagb_excerpt":"Baubiologie \/ Bio-construcci\u00f3n La Baubiologie o biolog\u00eda de la construcci\u00f3n, estudia las relaciones heur\u00edsticas del ser humano con su entorno [&hellip;]","_links":{"self":[{"href":"https:\/\/www.andreeagross.com\/es\/wp-json\/wp\/v2\/pages\/1015","targetHints":{"allow":["GET"]}}],"collection":[{"href":"https:\/\/www.andreeagross.com\/es\/wp-json\/wp\/v2\/pages"}],"about":[{"href":"https:\/\/www.andreeagross.com\/es\/wp-json\/wp\/v2\/types\/page"}],"author":[{"embeddable":true,"href":"https:\/\/www.andreeagross.com\/es\/wp-json\/wp\/v2\/users\/2"}],"replies":[{"embeddable":true,"href":"https:\/\/www.andreeagross.com\/es\/wp-json\/wp\/v2\/comments?post=1015"}],"version-history":[{"count":0,"href":"https:\/\/www.andreeagross.com\/es\/wp-json\/wp\/v2\/pages\/1015\/revisions"}],"up":[{"embeddable":true,"href":"https:\/\/www.andreeagross.com\/es\/wp-json\/wp\/v2\/pages\/1012"}],"wp:attachment":[{"href":"https:\/\/www.andreeagross.com\/es\/wp-json\/wp\/v2\/media?parent=1015"}],"curies":[{"name":"wp","href":"https:\/\/api.w.org\/{rel}","templated":true}]}}