{"id":545,"date":"2020-06-23T11:55:59","date_gmt":"2020-06-23T11:55:59","guid":{"rendered":"https:\/\/www.andreeagross.com\/?page_id=545"},"modified":"2020-10-27T08:07:37","modified_gmt":"2020-10-27T08:07:37","slug":"vision","status":"publish","type":"page","link":"https:\/\/www.andreeagross.com\/de\/about\/vision\/","title":{"rendered":"Vision"},"content":{"rendered":"<h1>Vision<\/h1>\n<p>Wir sp\u00fcren in vielen Lebensbereichen den Wandel zu einem bewussteren Umgang mit Natur und Umwelt. Bei Mobilit\u00e4t, Ern\u00e4hrung und Kleidung handeln wir bereits dementsprechend. Bei unserem Wohnumfeld setzten wir diese Werte jedoch noch nicht um, auch wenn wir unseren Alltag gr\u00f6\u00dftenteils in geschlossenen R\u00e4umen verbringen und die gebaute Umgebung ein wesentlicher Bestandteil unseres Wohlergehens darstellt. Architektur und die zur Herstellung verwendeten Baustoffe sind essenzielle Faktoren f\u00fcr eine gesunde und nachhaltige Lebensweise.<br \/>\nIhnen dabei helfen, diese Zusammenh\u00e4nge zu erkennen und umzusetzen ist Teil meiner Aufgabe.<br \/>\nAuf gute Gestaltung, zeitloses Design und Einsatz von ressourcenschonenden Bauweisen setze ich einen besonderen Wert, moderne sowohl als auch traditionelle, nat\u00fcrliche Baustoffe kommen zum Zug.<br \/>\nMit ambitionierten Bauherren, Planungspartnern und ausf\u00fchrenden Gewerken wird der Einsatz von lokalen und erneuerbaren Ressourcen angestrebt.<br \/>\nMich begeistert die M\u00f6glichkeit, ein Wohn- und Arbeitsumfeld zu gestalten, in dem man sich wohlf\u00fchlt, gesund bleibt, Ruhe findet oder kreativ wird, alles in einem bezahlbaren Rahmen.<\/p>\n","protected":false},"excerpt":{"rendered":"<p>Vision Wir sp\u00fcren in vielen Lebensbereichen den Wandel zu einem bewussteren Umgang mit Natur und Umwelt. Bei Mobilit\u00e4t, Ern\u00e4hrung und [&hellip;]<\/p>\n","protected":false},"author":2,"featured_media":0,"parent":543,"menu_order":0,"comment_status":"closed","ping_status":"closed","template":"","meta":{"_uag_custom_page_level_css":"","site-sidebar-layout":"default","site-content-layout":"","ast-site-content-layout":"default","site-content-style":"default","site-sidebar-style":"default","ast-global-header-display":"","ast-banner-title-visibility":"","ast-main-header-display":"","ast-hfb-above-header-display":"","ast-hfb-below-header-display":"","ast-hfb-mobile-header-display":"","site-post-title":"","ast-breadcrumbs-content":"","ast-featured-img":"","footer-sml-layout":"","ast-disable-related-posts":"","theme-transparent-header-meta":"","adv-header-id-meta":"","stick-header-meta":"","header-above-stick-meta":"","header-main-stick-meta":"","header-below-stick-meta":"","astra-migrate-meta-layouts":"default","ast-page-background-enabled":"default","ast-page-background-meta":{"desktop":{"background-color":"var(--ast-global-color-4)","background-image":"","background-repeat":"repeat","background-position":"center center","background-size":"auto","background-attachment":"scroll","background-type":"","background-media":"","overlay-type":"","overlay-color":"","overlay-opacity":"","overlay-gradient":""},"tablet":{"background-color":"","background-image":"","background-repeat":"repeat","background-position":"center center","background-size":"auto","background-attachment":"scroll","background-type":"","background-media":"","overlay-type":"","overlay-color":"","overlay-opacity":"","overlay-gradient":""},"mobile":{"background-color":"","background-image":"","background-repeat":"repeat","background-position":"center center","background-size":"auto","background-attachment":"scroll","background-type":"","background-media":"","overlay-type":"","overlay-color":"","overlay-opacity":"","overlay-gradient":""}},"ast-content-background-meta":{"desktop":{"background-color":"var(--ast-global-color-5)","background-image":"","background-repeat":"repeat","background-position":"center center","background-size":"auto","background-attachment":"scroll","background-type":"","background-media":"","overlay-type":"","overlay-color":"","overlay-opacity":"","overlay-gradient":""},"tablet":{"background-color":"var(--ast-global-color-5)","background-image":"","background-repeat":"repeat","background-position":"center center","background-size":"auto","background-attachment":"scroll","background-type":"","background-media":"","overlay-type":"","overlay-color":"","overlay-opacity":"","overlay-gradient":""},"mobile":{"background-color":"var(--ast-global-color-5)","background-image":"","background-repeat":"repeat","background-position":"center center","background-size":"auto","background-attachment":"scroll","background-type":"","background-media":"","overlay-type":"","overlay-color":"","overlay-opacity":"","overlay-gradient":""}},"footnotes":""},"class_list":["post-545","page","type-page","status-publish","hentry"],"yoast_head":"<!-- This site is optimized with the Yoast SEO plugin v27.4 - https:\/\/yoast.com\/product\/yoast-seo-wordpress\/ -->\n<title>Vision - ANDREEA GROSS . ESTUDIO DE ARQUITECTURA<\/title>\n<meta name=\"robots\" content=\"index, follow, max-snippet:-1, max-image-preview:large, max-video-preview:-1\" \/>\n<link rel=\"canonical\" href=\"https:\/\/www.andreeagross.com\/de\/about\/vision\/\" \/>\n<meta property=\"og:locale\" content=\"de_DE\" \/>\n<meta property=\"og:type\" content=\"article\" \/>\n<meta property=\"og:title\" content=\"Vision - ANDREEA GROSS . ESTUDIO DE ARQUITECTURA\" \/>\n<meta property=\"og:description\" content=\"Vision Wir sp\u00fcren in vielen Lebensbereichen den Wandel zu einem bewussteren Umgang mit Natur und Umwelt. Bei Mobilit\u00e4t, Ern\u00e4hrung und [&hellip;]\" \/>\n<meta property=\"og:url\" content=\"https:\/\/www.andreeagross.com\/de\/about\/vision\/\" \/>\n<meta property=\"og:site_name\" content=\"ANDREEA GROSS . ESTUDIO DE ARQUITECTURA\" \/>\n<meta property=\"article:modified_time\" content=\"2020-10-27T08:07:37+00:00\" \/>\n<meta name=\"twitter:card\" content=\"summary_large_image\" \/>\n<meta name=\"twitter:label1\" content=\"Gesch\u00e4tzte Lesezeit\" \/>\n\t<meta name=\"twitter:data1\" content=\"1\u00a0Minute\" \/>\n<script type=\"application\/ld+json\" class=\"yoast-schema-graph\">{\"@context\":\"https:\\\/\\\/schema.org\",\"@graph\":[{\"@type\":\"WebPage\",\"@id\":\"https:\\\/\\\/www.andreeagross.com\\\/de\\\/about\\\/vision\\\/\",\"url\":\"https:\\\/\\\/www.andreeagross.com\\\/de\\\/about\\\/vision\\\/\",\"name\":\"Vision - ANDREEA GROSS . ESTUDIO DE ARQUITECTURA\",\"isPartOf\":{\"@id\":\"https:\\\/\\\/www.andreeagross.com\\\/de\\\/#website\"},\"datePublished\":\"2020-06-23T11:55:59+00:00\",\"dateModified\":\"2020-10-27T08:07:37+00:00\",\"breadcrumb\":{\"@id\":\"https:\\\/\\\/www.andreeagross.com\\\/de\\\/about\\\/vision\\\/#breadcrumb\"},\"inLanguage\":\"de\",\"potentialAction\":[{\"@type\":\"ReadAction\",\"target\":[\"https:\\\/\\\/www.andreeagross.com\\\/de\\\/about\\\/vision\\\/\"]}]},{\"@type\":\"BreadcrumbList\",\"@id\":\"https:\\\/\\\/www.andreeagross.com\\\/de\\\/about\\\/vision\\\/#breadcrumb\",\"itemListElement\":[{\"@type\":\"ListItem\",\"position\":1,\"name\":\"Home\",\"item\":\"https:\\\/\\\/www.andreeagross.com\\\/de\\\/\"},{\"@type\":\"ListItem\",\"position\":2,\"name\":\"About\",\"item\":\"https:\\\/\\\/www.andreeagross.com\\\/de\\\/about\\\/\"},{\"@type\":\"ListItem\",\"position\":3,\"name\":\"Vision\"}]},{\"@type\":\"WebSite\",\"@id\":\"https:\\\/\\\/www.andreeagross.com\\\/de\\\/#website\",\"url\":\"https:\\\/\\\/www.andreeagross.com\\\/de\\\/\",\"name\":\"ANDREEA GROSS . ESTUDIO DE ARQUITECTURA\",\"description\":\"home\",\"publisher\":{\"@id\":\"https:\\\/\\\/www.andreeagross.com\\\/de\\\/#organization\"},\"potentialAction\":[{\"@type\":\"SearchAction\",\"target\":{\"@type\":\"EntryPoint\",\"urlTemplate\":\"https:\\\/\\\/www.andreeagross.com\\\/de\\\/?s={search_term_string}\"},\"query-input\":{\"@type\":\"PropertyValueSpecification\",\"valueRequired\":true,\"valueName\":\"search_term_string\"}}],\"inLanguage\":\"de\"},{\"@type\":\"Organization\",\"@id\":\"https:\\\/\\\/www.andreeagross.com\\\/de\\\/#organization\",\"name\":\"ANDREEA GROSS . ESTUDIO DE ARQUITECTURA\",\"url\":\"https:\\\/\\\/www.andreeagross.com\\\/de\\\/\",\"logo\":{\"@type\":\"ImageObject\",\"inLanguage\":\"de\",\"@id\":\"https:\\\/\\\/www.andreeagross.com\\\/de\\\/#\\\/schema\\\/logo\\\/image\\\/\",\"url\":\"https:\\\/\\\/www.andreeagross.com\\\/wp-content\\\/uploads\\\/LOGO-small.jpg\",\"contentUrl\":\"https:\\\/\\\/www.andreeagross.com\\\/wp-content\\\/uploads\\\/LOGO-small.jpg\",\"width\":200,\"height\":108,\"caption\":\"ANDREEA GROSS . ESTUDIO DE ARQUITECTURA\"},\"image\":{\"@id\":\"https:\\\/\\\/www.andreeagross.com\\\/de\\\/#\\\/schema\\\/logo\\\/image\\\/\"}}]}<\/script>\n<!-- \/ Yoast SEO plugin. -->","yoast_head_json":{"title":"Vision - ANDREEA GROSS . ESTUDIO DE ARQUITECTURA","robots":{"index":"index","follow":"follow","max-snippet":"max-snippet:-1","max-image-preview":"max-image-preview:large","max-video-preview":"max-video-preview:-1"},"canonical":"https:\/\/www.andreeagross.com\/de\/about\/vision\/","og_locale":"de_DE","og_type":"article","og_title":"Vision - ANDREEA GROSS . ESTUDIO DE ARQUITECTURA","og_description":"Vision Wir sp\u00fcren in vielen Lebensbereichen den Wandel zu einem bewussteren Umgang mit Natur und Umwelt. Bei Mobilit\u00e4t, Ern\u00e4hrung und [&hellip;]","og_url":"https:\/\/www.andreeagross.com\/de\/about\/vision\/","og_site_name":"ANDREEA GROSS . ESTUDIO DE ARQUITECTURA","article_modified_time":"2020-10-27T08:07:37+00:00","twitter_card":"summary_large_image","twitter_misc":{"Gesch\u00e4tzte Lesezeit":"1\u00a0Minute"},"schema":{"@context":"https:\/\/schema.org","@graph":[{"@type":"WebPage","@id":"https:\/\/www.andreeagross.com\/de\/about\/vision\/","url":"https:\/\/www.andreeagross.com\/de\/about\/vision\/","name":"Vision - ANDREEA GROSS . ESTUDIO DE ARQUITECTURA","isPartOf":{"@id":"https:\/\/www.andreeagross.com\/de\/#website"},"datePublished":"2020-06-23T11:55:59+00:00","dateModified":"2020-10-27T08:07:37+00:00","breadcrumb":{"@id":"https:\/\/www.andreeagross.com\/de\/about\/vision\/#breadcrumb"},"inLanguage":"de","potentialAction":[{"@type":"ReadAction","target":["https:\/\/www.andreeagross.com\/de\/about\/vision\/"]}]},{"@type":"BreadcrumbList","@id":"https:\/\/www.andreeagross.com\/de\/about\/vision\/#breadcrumb","itemListElement":[{"@type":"ListItem","position":1,"name":"Home","item":"https:\/\/www.andreeagross.com\/de\/"},{"@type":"ListItem","position":2,"name":"About","item":"https:\/\/www.andreeagross.com\/de\/about\/"},{"@type":"ListItem","position":3,"name":"Vision"}]},{"@type":"WebSite","@id":"https:\/\/www.andreeagross.com\/de\/#website","url":"https:\/\/www.andreeagross.com\/de\/","name":"ANDREEA GROSS . ESTUDIO DE ARQUITECTURA","description":"home","publisher":{"@id":"https:\/\/www.andreeagross.com\/de\/#organization"},"potentialAction":[{"@type":"SearchAction","target":{"@type":"EntryPoint","urlTemplate":"https:\/\/www.andreeagross.com\/de\/?s={search_term_string}"},"query-input":{"@type":"PropertyValueSpecification","valueRequired":true,"valueName":"search_term_string"}}],"inLanguage":"de"},{"@type":"Organization","@id":"https:\/\/www.andreeagross.com\/de\/#organization","name":"ANDREEA GROSS . ESTUDIO DE ARQUITECTURA","url":"https:\/\/www.andreeagross.com\/de\/","logo":{"@type":"ImageObject","inLanguage":"de","@id":"https:\/\/www.andreeagross.com\/de\/#\/schema\/logo\/image\/","url":"https:\/\/www.andreeagross.com\/wp-content\/uploads\/LOGO-small.jpg","contentUrl":"https:\/\/www.andreeagross.com\/wp-content\/uploads\/LOGO-small.jpg","width":200,"height":108,"caption":"ANDREEA GROSS . ESTUDIO DE ARQUITECTURA"},"image":{"@id":"https:\/\/www.andreeagross.com\/de\/#\/schema\/logo\/image\/"}}]}},"spectra_custom_meta":{"_edit_lock":["1603787602:2"],"_edit_last":["2"],"_wpml_media_duplicate":["1"],"_wpml_media_featured":["1"],"_yoast_wpseo_content_score":["30"],"_wpml_word_count":["{\"total\":155,\"to_translate\":{\"es\":155}}"],"_uag_migration_processed":["1"],"copied_media_ids":["a:0:{}"],"referenced_media_ids":["a:0:{}"],"_uag_page_assets":["a:9:{s:3:\"css\";s:0:\"\";s:2:\"js\";s:0:\"\";s:18:\"current_block_list\";a:0:{}s:8:\"uag_flag\";b:0;s:11:\"uag_version\";s:10:\"1777265442\";s:6:\"gfonts\";a:0:{}s:10:\"gfonts_url\";s:0:\"\";s:12:\"gfonts_files\";a:0:{}s:14:\"uag_faq_layout\";b:0;}"]},"uagb_featured_image_src":{"full":false,"thumbnail":false,"medium":false,"medium_large":false,"large":false,"1536x1536":false,"2048x2048":false},"uagb_author_info":{"display_name":"itlapalma","author_link":"https:\/\/www.andreeagross.com\/de\/author\/itlapalma\/"},"uagb_comment_info":0,"uagb_excerpt":"Vision Wir sp\u00fcren in vielen Lebensbereichen den Wandel zu einem bewussteren Umgang mit Natur und Umwelt. Bei Mobilit\u00e4t, Ern\u00e4hrung und [&hellip;]","_links":{"self":[{"href":"https:\/\/www.andreeagross.com\/de\/wp-json\/wp\/v2\/pages\/545","targetHints":{"allow":["GET"]}}],"collection":[{"href":"https:\/\/www.andreeagross.com\/de\/wp-json\/wp\/v2\/pages"}],"about":[{"href":"https:\/\/www.andreeagross.com\/de\/wp-json\/wp\/v2\/types\/page"}],"author":[{"embeddable":true,"href":"https:\/\/www.andreeagross.com\/de\/wp-json\/wp\/v2\/users\/2"}],"replies":[{"embeddable":true,"href":"https:\/\/www.andreeagross.com\/de\/wp-json\/wp\/v2\/comments?post=545"}],"version-history":[{"count":0,"href":"https:\/\/www.andreeagross.com\/de\/wp-json\/wp\/v2\/pages\/545\/revisions"}],"up":[{"embeddable":true,"href":"https:\/\/www.andreeagross.com\/de\/wp-json\/wp\/v2\/pages\/543"}],"wp:attachment":[{"href":"https:\/\/www.andreeagross.com\/de\/wp-json\/wp\/v2\/media?parent=545"}],"curies":[{"name":"wp","href":"https:\/\/api.w.org\/{rel}","templated":true}]}}