{"id":539,"date":"2020-06-23T11:54:38","date_gmt":"2020-06-23T11:54:38","guid":{"rendered":"https:\/\/www.andreeagross.com\/?page_id=539"},"modified":"2020-10-27T08:02:36","modified_gmt":"2020-10-27T08:02:36","slug":"gutachten","status":"publish","type":"page","link":"https:\/\/www.andreeagross.com\/de\/leistungen\/gutachten\/","title":{"rendered":"Gutachten"},"content":{"rendered":"<h1>Gutachten<\/h1>\n<h2>Nachweis der Bewohnbarkeit<\/h2>\n<p>Die \u201cc\u00e9dula de habitabilidad\u201d wird, nach Vorlage dieses Dokuments, von der Baubeh\u00f6rde der Gemeinden ausgestellt. <br \/><br \/>Ziel:<\/p>\n<ul>\n<li>Abschliessen von Vertr\u00e4gen mit Versorgungsdienstleistern (Strom, Telefon, Wasser, Abwasser);<\/li>\n<li>beim Betreiben eines Ferienhauses, Pflicht (\u201cvivienda vacacional\u201d)<\/li>\n<li>etc.<\/li>\n<\/ul>\n<h2>Nachweis der Barrierefreiheit<\/h2>\n<p>Ziel:<\/p>\n<ul>\n<li>bei \u00f6ffentlich zug\u00e4nglichen Geb\u00e4uden<\/li>\n<\/ul>\n<h2>Energieausweis (CEE)<\/h2>\n<p>Der bedarfsorientierte Energieausweis betrachtet die gesamte Bau- und Anlagentechnik. Aus der Qualit\u00e4t von Heizungs-, Warmwasser- und L\u00fcftungsanlagen sowie dem w\u00e4rmetechnischen Stand der Geb\u00e4udeh\u00fclle wird zB der Heizw\u00e4rme- oder K\u00fchlbedarf des Geb\u00e4udes ermittelt. <br \/><br \/>Ziel:<\/p>\n<ul>\n<li>bei Verkauf oder Vermietung von Immobilien;<\/li>\n<li>Anforderung von staatlichen Zusch\u00fcssen und F\u00f6rderung zur energetischen Sanierung<\/li>\n<li>etc.<\/li>\n<\/ul>\n<h2>Bautechnisches Gutachten \/ Zustands-Diagnose (ITE\/IEE)<\/h2>\n<p>Ziel:<\/p>\n<ul>\n<li>bei Wohnimmobilien \u00e4lter als 50 Jahre<\/li>\n<\/ul>\n<h2>Koordination Kataster &#8211; Grundbuch (RGA, IVG, .GML Datei)<\/h2>\n<p>Ziel:<\/p>\n<ul>\n<li>Deckungsgleichheit zwischen Grundst\u00fccksrealit\u00e4t, Kataster &#8211; Daten, notariellen Unterlagen und Grundbucheintragung herstellen;<\/li>\n<li>Berichtigung von Kataster<\/li>\n<li>Unterlagen<\/li>\n<li>etc.<\/li>\n<\/ul>\n<h2>Bestandsaufnahme<\/h2>\n\n\n<p><\/p>\n","protected":false},"excerpt":{"rendered":"<p>Gutachten Nachweis der Bewohnbarkeit Die \u201cc\u00e9dula de habitabilidad\u201d wird, nach Vorlage dieses Dokuments, von der Baubeh\u00f6rde der Gemeinden ausgestellt. Ziel: [&hellip;]<\/p>\n","protected":false},"author":2,"featured_media":0,"parent":533,"menu_order":0,"comment_status":"closed","ping_status":"closed","template":"","meta":{"_uag_custom_page_level_css":"","site-sidebar-layout":"default","site-content-layout":"","ast-site-content-layout":"default","site-content-style":"default","site-sidebar-style":"default","ast-global-header-display":"","ast-banner-title-visibility":"","ast-main-header-display":"","ast-hfb-above-header-display":"","ast-hfb-below-header-display":"","ast-hfb-mobile-header-display":"","site-post-title":"","ast-breadcrumbs-content":"","ast-featured-img":"","footer-sml-layout":"","ast-disable-related-posts":"","theme-transparent-header-meta":"","adv-header-id-meta":"","stick-header-meta":"","header-above-stick-meta":"","header-main-stick-meta":"","header-below-stick-meta":"","astra-migrate-meta-layouts":"default","ast-page-background-enabled":"default","ast-page-background-meta":{"desktop":{"background-color":"var(--ast-global-color-4)","background-image":"","background-repeat":"repeat","background-position":"center center","background-size":"auto","background-attachment":"scroll","background-type":"","background-media":"","overlay-type":"","overlay-color":"","overlay-opacity":"","overlay-gradient":""},"tablet":{"background-color":"","background-image":"","background-repeat":"repeat","background-position":"center center","background-size":"auto","background-attachment":"scroll","background-type":"","background-media":"","overlay-type":"","overlay-color":"","overlay-opacity":"","overlay-gradient":""},"mobile":{"background-color":"","background-image":"","background-repeat":"repeat","background-position":"center center","background-size":"auto","background-attachment":"scroll","background-type":"","background-media":"","overlay-type":"","overlay-color":"","overlay-opacity":"","overlay-gradient":""}},"ast-content-background-meta":{"desktop":{"background-color":"var(--ast-global-color-5)","background-image":"","background-repeat":"repeat","background-position":"center center","background-size":"auto","background-attachment":"scroll","background-type":"","background-media":"","overlay-type":"","overlay-color":"","overlay-opacity":"","overlay-gradient":""},"tablet":{"background-color":"var(--ast-global-color-5)","background-image":"","background-repeat":"repeat","background-position":"center center","background-size":"auto","background-attachment":"scroll","background-type":"","background-media":"","overlay-type":"","overlay-color":"","overlay-opacity":"","overlay-gradient":""},"mobile":{"background-color":"var(--ast-global-color-5)","background-image":"","background-repeat":"repeat","background-position":"center center","background-size":"auto","background-attachment":"scroll","background-type":"","background-media":"","overlay-type":"","overlay-color":"","overlay-opacity":"","overlay-gradient":""}},"footnotes":""},"class_list":["post-539","page","type-page","status-publish","hentry"],"yoast_head":"<!-- This site is optimized with the Yoast SEO plugin v27.4 - https:\/\/yoast.com\/product\/yoast-seo-wordpress\/ -->\n<title>Gutachten - ANDREEA GROSS . ESTUDIO DE ARQUITECTURA<\/title>\n<meta name=\"robots\" content=\"index, follow, max-snippet:-1, max-image-preview:large, max-video-preview:-1\" \/>\n<link rel=\"canonical\" href=\"https:\/\/www.andreeagross.com\/de\/leistungen\/gutachten\/\" \/>\n<meta property=\"og:locale\" content=\"de_DE\" \/>\n<meta property=\"og:type\" content=\"article\" \/>\n<meta property=\"og:title\" content=\"Gutachten - ANDREEA GROSS . ESTUDIO DE ARQUITECTURA\" \/>\n<meta property=\"og:description\" content=\"Gutachten Nachweis der Bewohnbarkeit Die \u201cc\u00e9dula de habitabilidad\u201d wird, nach Vorlage dieses Dokuments, von der Baubeh\u00f6rde der Gemeinden ausgestellt. Ziel: [&hellip;]\" \/>\n<meta property=\"og:url\" content=\"https:\/\/www.andreeagross.com\/de\/leistungen\/gutachten\/\" \/>\n<meta property=\"og:site_name\" content=\"ANDREEA GROSS . ESTUDIO DE ARQUITECTURA\" \/>\n<meta property=\"article:modified_time\" content=\"2020-10-27T08:02:36+00:00\" \/>\n<meta name=\"twitter:card\" content=\"summary_large_image\" \/>\n<meta name=\"twitter:label1\" content=\"Gesch\u00e4tzte Lesezeit\" \/>\n\t<meta name=\"twitter:data1\" content=\"1\u00a0Minute\" \/>\n<script type=\"application\/ld+json\" class=\"yoast-schema-graph\">{\"@context\":\"https:\\\/\\\/schema.org\",\"@graph\":[{\"@type\":\"WebPage\",\"@id\":\"https:\\\/\\\/www.andreeagross.com\\\/de\\\/leistungen\\\/gutachten\\\/\",\"url\":\"https:\\\/\\\/www.andreeagross.com\\\/de\\\/leistungen\\\/gutachten\\\/\",\"name\":\"Gutachten - ANDREEA GROSS . ESTUDIO DE ARQUITECTURA\",\"isPartOf\":{\"@id\":\"https:\\\/\\\/www.andreeagross.com\\\/de\\\/#website\"},\"datePublished\":\"2020-06-23T11:54:38+00:00\",\"dateModified\":\"2020-10-27T08:02:36+00:00\",\"breadcrumb\":{\"@id\":\"https:\\\/\\\/www.andreeagross.com\\\/de\\\/leistungen\\\/gutachten\\\/#breadcrumb\"},\"inLanguage\":\"de\",\"potentialAction\":[{\"@type\":\"ReadAction\",\"target\":[\"https:\\\/\\\/www.andreeagross.com\\\/de\\\/leistungen\\\/gutachten\\\/\"]}]},{\"@type\":\"BreadcrumbList\",\"@id\":\"https:\\\/\\\/www.andreeagross.com\\\/de\\\/leistungen\\\/gutachten\\\/#breadcrumb\",\"itemListElement\":[{\"@type\":\"ListItem\",\"position\":1,\"name\":\"Home\",\"item\":\"https:\\\/\\\/www.andreeagross.com\\\/de\\\/\"},{\"@type\":\"ListItem\",\"position\":2,\"name\":\"Leistungen\",\"item\":\"https:\\\/\\\/www.andreeagross.com\\\/de\\\/leistungen\\\/\"},{\"@type\":\"ListItem\",\"position\":3,\"name\":\"Gutachten\"}]},{\"@type\":\"WebSite\",\"@id\":\"https:\\\/\\\/www.andreeagross.com\\\/de\\\/#website\",\"url\":\"https:\\\/\\\/www.andreeagross.com\\\/de\\\/\",\"name\":\"ANDREEA GROSS . ESTUDIO DE ARQUITECTURA\",\"description\":\"home\",\"publisher\":{\"@id\":\"https:\\\/\\\/www.andreeagross.com\\\/de\\\/#organization\"},\"potentialAction\":[{\"@type\":\"SearchAction\",\"target\":{\"@type\":\"EntryPoint\",\"urlTemplate\":\"https:\\\/\\\/www.andreeagross.com\\\/de\\\/?s={search_term_string}\"},\"query-input\":{\"@type\":\"PropertyValueSpecification\",\"valueRequired\":true,\"valueName\":\"search_term_string\"}}],\"inLanguage\":\"de\"},{\"@type\":\"Organization\",\"@id\":\"https:\\\/\\\/www.andreeagross.com\\\/de\\\/#organization\",\"name\":\"ANDREEA GROSS . ESTUDIO DE ARQUITECTURA\",\"url\":\"https:\\\/\\\/www.andreeagross.com\\\/de\\\/\",\"logo\":{\"@type\":\"ImageObject\",\"inLanguage\":\"de\",\"@id\":\"https:\\\/\\\/www.andreeagross.com\\\/de\\\/#\\\/schema\\\/logo\\\/image\\\/\",\"url\":\"https:\\\/\\\/www.andreeagross.com\\\/wp-content\\\/uploads\\\/LOGO-small.jpg\",\"contentUrl\":\"https:\\\/\\\/www.andreeagross.com\\\/wp-content\\\/uploads\\\/LOGO-small.jpg\",\"width\":200,\"height\":108,\"caption\":\"ANDREEA GROSS . ESTUDIO DE ARQUITECTURA\"},\"image\":{\"@id\":\"https:\\\/\\\/www.andreeagross.com\\\/de\\\/#\\\/schema\\\/logo\\\/image\\\/\"}}]}<\/script>\n<!-- \/ Yoast SEO plugin. -->","yoast_head_json":{"title":"Gutachten - ANDREEA GROSS . ESTUDIO DE ARQUITECTURA","robots":{"index":"index","follow":"follow","max-snippet":"max-snippet:-1","max-image-preview":"max-image-preview:large","max-video-preview":"max-video-preview:-1"},"canonical":"https:\/\/www.andreeagross.com\/de\/leistungen\/gutachten\/","og_locale":"de_DE","og_type":"article","og_title":"Gutachten - ANDREEA GROSS . ESTUDIO DE ARQUITECTURA","og_description":"Gutachten Nachweis der Bewohnbarkeit Die \u201cc\u00e9dula de habitabilidad\u201d wird, nach Vorlage dieses Dokuments, von der Baubeh\u00f6rde der Gemeinden ausgestellt. Ziel: [&hellip;]","og_url":"https:\/\/www.andreeagross.com\/de\/leistungen\/gutachten\/","og_site_name":"ANDREEA GROSS . ESTUDIO DE ARQUITECTURA","article_modified_time":"2020-10-27T08:02:36+00:00","twitter_card":"summary_large_image","twitter_misc":{"Gesch\u00e4tzte Lesezeit":"1\u00a0Minute"},"schema":{"@context":"https:\/\/schema.org","@graph":[{"@type":"WebPage","@id":"https:\/\/www.andreeagross.com\/de\/leistungen\/gutachten\/","url":"https:\/\/www.andreeagross.com\/de\/leistungen\/gutachten\/","name":"Gutachten - ANDREEA GROSS . ESTUDIO DE ARQUITECTURA","isPartOf":{"@id":"https:\/\/www.andreeagross.com\/de\/#website"},"datePublished":"2020-06-23T11:54:38+00:00","dateModified":"2020-10-27T08:02:36+00:00","breadcrumb":{"@id":"https:\/\/www.andreeagross.com\/de\/leistungen\/gutachten\/#breadcrumb"},"inLanguage":"de","potentialAction":[{"@type":"ReadAction","target":["https:\/\/www.andreeagross.com\/de\/leistungen\/gutachten\/"]}]},{"@type":"BreadcrumbList","@id":"https:\/\/www.andreeagross.com\/de\/leistungen\/gutachten\/#breadcrumb","itemListElement":[{"@type":"ListItem","position":1,"name":"Home","item":"https:\/\/www.andreeagross.com\/de\/"},{"@type":"ListItem","position":2,"name":"Leistungen","item":"https:\/\/www.andreeagross.com\/de\/leistungen\/"},{"@type":"ListItem","position":3,"name":"Gutachten"}]},{"@type":"WebSite","@id":"https:\/\/www.andreeagross.com\/de\/#website","url":"https:\/\/www.andreeagross.com\/de\/","name":"ANDREEA GROSS . ESTUDIO DE ARQUITECTURA","description":"home","publisher":{"@id":"https:\/\/www.andreeagross.com\/de\/#organization"},"potentialAction":[{"@type":"SearchAction","target":{"@type":"EntryPoint","urlTemplate":"https:\/\/www.andreeagross.com\/de\/?s={search_term_string}"},"query-input":{"@type":"PropertyValueSpecification","valueRequired":true,"valueName":"search_term_string"}}],"inLanguage":"de"},{"@type":"Organization","@id":"https:\/\/www.andreeagross.com\/de\/#organization","name":"ANDREEA GROSS . ESTUDIO DE ARQUITECTURA","url":"https:\/\/www.andreeagross.com\/de\/","logo":{"@type":"ImageObject","inLanguage":"de","@id":"https:\/\/www.andreeagross.com\/de\/#\/schema\/logo\/image\/","url":"https:\/\/www.andreeagross.com\/wp-content\/uploads\/LOGO-small.jpg","contentUrl":"https:\/\/www.andreeagross.com\/wp-content\/uploads\/LOGO-small.jpg","width":200,"height":108,"caption":"ANDREEA GROSS . ESTUDIO DE ARQUITECTURA"},"image":{"@id":"https:\/\/www.andreeagross.com\/de\/#\/schema\/logo\/image\/"}}]}},"spectra_custom_meta":{"_edit_lock":["1603785758:2"],"_edit_last":["2"],"_wpml_media_duplicate":["1"],"_wpml_media_featured":["1"],"_yoast_wpseo_content_score":["60"],"_uag_css_file_name":["uag-css-539-1695455871.css"],"_wpml_word_count":["{\"total\":135,\"to_translate\":{\"es\":135}}"],"_uag_migration_processed":["1"],"copied_media_ids":["a:0:{}"],"referenced_media_ids":["a:0:{}"],"_uagb_previous_block_counts":["a:90:{s:21:\"uagb\/advanced-heading\";i:0;s:15:\"uagb\/blockquote\";i:0;s:12:\"uagb\/buttons\";i:0;s:18:\"uagb\/buttons-child\";i:0;s:19:\"uagb\/call-to-action\";i:0;s:15:\"uagb\/cf7-styler\";i:0;s:11:\"uagb\/column\";i:0;s:12:\"uagb\/columns\";i:0;s:14:\"uagb\/container\";i:0;s:21:\"uagb\/content-timeline\";i:0;s:27:\"uagb\/content-timeline-child\";i:0;s:14:\"uagb\/countdown\";i:0;s:12:\"uagb\/counter\";i:0;s:8:\"uagb\/faq\";i:0;s:14:\"uagb\/faq-child\";i:0;s:10:\"uagb\/forms\";i:0;s:17:\"uagb\/forms-accept\";i:0;s:19:\"uagb\/forms-checkbox\";i:0;s:15:\"uagb\/forms-date\";i:0;s:16:\"uagb\/forms-email\";i:0;s:17:\"uagb\/forms-hidden\";i:0;s:15:\"uagb\/forms-name\";i:0;s:16:\"uagb\/forms-phone\";i:0;s:16:\"uagb\/forms-radio\";i:0;s:17:\"uagb\/forms-select\";i:0;s:19:\"uagb\/forms-textarea\";i:0;s:17:\"uagb\/forms-toggle\";i:0;s:14:\"uagb\/forms-url\";i:0;s:14:\"uagb\/gf-styler\";i:0;s:15:\"uagb\/google-map\";i:0;s:11:\"uagb\/how-to\";i:0;s:16:\"uagb\/how-to-step\";i:0;s:9:\"uagb\/icon\";i:0;s:14:\"uagb\/icon-list\";i:0;s:20:\"uagb\/icon-list-child\";i:0;s:10:\"uagb\/image\";i:0;s:18:\"uagb\/image-gallery\";i:0;s:13:\"uagb\/info-box\";i:0;s:18:\"uagb\/inline-notice\";i:0;s:11:\"uagb\/lottie\";i:0;s:21:\"uagb\/marketing-button\";i:0;s:10:\"uagb\/modal\";i:0;s:18:\"uagb\/popup-builder\";i:0;s:16:\"uagb\/post-button\";i:0;s:18:\"uagb\/post-carousel\";i:0;s:17:\"uagb\/post-excerpt\";i:0;s:14:\"uagb\/post-grid\";i:0;s:15:\"uagb\/post-image\";i:0;s:17:\"uagb\/post-masonry\";i:0;s:14:\"uagb\/post-meta\";i:0;s:18:\"uagb\/post-taxonomy\";i:0;s:18:\"uagb\/post-timeline\";i:0;s:15:\"uagb\/post-title\";i:0;s:20:\"uagb\/restaurant-menu\";i:0;s:26:\"uagb\/restaurant-menu-child\";i:0;s:11:\"uagb\/review\";i:0;s:12:\"uagb\/section\";i:0;s:14:\"uagb\/separator\";i:0;s:11:\"uagb\/slider\";i:0;s:17:\"uagb\/slider-child\";i:0;s:17:\"uagb\/social-share\";i:0;s:23:\"uagb\/social-share-child\";i:0;s:16:\"uagb\/star-rating\";i:0;s:23:\"uagb\/sure-cart-checkout\";i:0;s:22:\"uagb\/sure-cart-product\";i:0;s:15:\"uagb\/sure-forms\";i:0;s:22:\"uagb\/table-of-contents\";i:0;s:9:\"uagb\/tabs\";i:0;s:15:\"uagb\/tabs-child\";i:0;s:18:\"uagb\/taxonomy-list\";i:0;s:9:\"uagb\/team\";i:0;s:16:\"uagb\/testimonial\";i:0;s:14:\"uagb\/wp-search\";i:0;s:19:\"uagb\/instagram-feed\";i:0;s:10:\"uagb\/login\";i:0;s:17:\"uagb\/loop-builder\";i:0;s:18:\"uagb\/loop-category\";i:0;s:20:\"uagb\/loop-pagination\";i:0;s:15:\"uagb\/loop-reset\";i:0;s:16:\"uagb\/loop-search\";i:0;s:14:\"uagb\/loop-sort\";i:0;s:17:\"uagb\/loop-wrapper\";i:0;s:13:\"uagb\/register\";i:0;s:19:\"uagb\/register-email\";i:0;s:24:\"uagb\/register-first-name\";i:0;s:23:\"uagb\/register-last-name\";i:0;s:22:\"uagb\/register-password\";i:0;s:30:\"uagb\/register-reenter-password\";i:0;s:19:\"uagb\/register-terms\";i:0;s:22:\"uagb\/register-username\";i:0;}"],"_uag_page_assets":["a:9:{s:3:\"css\";s:0:\"\";s:2:\"js\";s:0:\"\";s:18:\"current_block_list\";a:1:{i:0;s:14:\"core\/paragraph\";}s:8:\"uag_flag\";b:0;s:11:\"uag_version\";s:10:\"1777265442\";s:6:\"gfonts\";a:0:{}s:10:\"gfonts_url\";s:0:\"\";s:12:\"gfonts_files\";a:0:{}s:14:\"uag_faq_layout\";b:0;}"]},"uagb_featured_image_src":{"full":false,"thumbnail":false,"medium":false,"medium_large":false,"large":false,"1536x1536":false,"2048x2048":false},"uagb_author_info":{"display_name":"itlapalma","author_link":"https:\/\/www.andreeagross.com\/de\/author\/itlapalma\/"},"uagb_comment_info":0,"uagb_excerpt":"Gutachten Nachweis der Bewohnbarkeit Die \u201cc\u00e9dula de habitabilidad\u201d wird, nach Vorlage dieses Dokuments, von der Baubeh\u00f6rde der Gemeinden ausgestellt. Ziel: [&hellip;]","_links":{"self":[{"href":"https:\/\/www.andreeagross.com\/de\/wp-json\/wp\/v2\/pages\/539","targetHints":{"allow":["GET"]}}],"collection":[{"href":"https:\/\/www.andreeagross.com\/de\/wp-json\/wp\/v2\/pages"}],"about":[{"href":"https:\/\/www.andreeagross.com\/de\/wp-json\/wp\/v2\/types\/page"}],"author":[{"embeddable":true,"href":"https:\/\/www.andreeagross.com\/de\/wp-json\/wp\/v2\/users\/2"}],"replies":[{"embeddable":true,"href":"https:\/\/www.andreeagross.com\/de\/wp-json\/wp\/v2\/comments?post=539"}],"version-history":[{"count":0,"href":"https:\/\/www.andreeagross.com\/de\/wp-json\/wp\/v2\/pages\/539\/revisions"}],"up":[{"embeddable":true,"href":"https:\/\/www.andreeagross.com\/de\/wp-json\/wp\/v2\/pages\/533"}],"wp:attachment":[{"href":"https:\/\/www.andreeagross.com\/de\/wp-json\/wp\/v2\/media?parent=539"}],"curies":[{"name":"wp","href":"https:\/\/api.w.org\/{rel}","templated":true}]}}